{"id":121,"date":"2020-02-26T11:32:49","date_gmt":"2020-02-26T10:32:49","guid":{"rendered":"http:\/\/knihovnaliten.cz\/wordpress\/?page_id=121"},"modified":"2025-10-22T18:10:30","modified_gmt":"2025-10-22T16:10:30","slug":"kontakty","status":"publish","type":"page","link":"https:\/\/knihovnaliten.cz\/wordpress\/kontakty\/","title":{"rendered":"Kontakty"},"content":{"rendered":"\n<p><br>Knihovna Lite\u0148<br>N\u00e1dra\u017en\u00ed 401<br>267 27 Lite\u0148<\/p>\n\n\n\n<p>vedouc\u00ed: Monika Plchov\u00e1<br>Tel. 771 147 737<br><a href=\"http:\/\/knihovnaliten.cz\/mailtoknihovna@mestysliten.cz\">knihovna@mestysliten.cz<\/a><\/p>\n\n\n\n<figure class=\"wp-block-image size-full\"><img loading=\"lazy\" decoding=\"async\" width=\"852\" height=\"953\" src=\"https:\/\/knihovnaliten.cz\/wordpress\/wp-content\/uploads\/2025\/10\/IMG-20251017-WA0009.jpg\" alt=\"\" class=\"wp-image-995\" srcset=\"https:\/\/knihovnaliten.cz\/wordpress\/wp-content\/uploads\/2025\/10\/IMG-20251017-WA0009.jpg 852w, https:\/\/knihovnaliten.cz\/wordpress\/wp-content\/uploads\/2025\/10\/IMG-20251017-WA0009-268x300.jpg 268w, https:\/\/knihovnaliten.cz\/wordpress\/wp-content\/uploads\/2025\/10\/IMG-20251017-WA0009-768x859.jpg 768w\" sizes=\"(max-width: 852px) 100vw, 852px\" \/><\/figure>\n\n\n\n<iframe loading=\"lazy\" src=\"https:\/\/www.google.com\/maps\/embed?pb=!1m18!1m12!1m3!1d2569.7811225241603!2d14.150148515446089!3d49.902912434546494!2m3!1f0!2f0!3f0!3m2!1i1024!2i768!4f13.1!3m3!1m2!1s0x470ba3e5d5fe9aad%3A0x6ee0c403bb7e61ab!2zTsOhZHJhxb5uw60gNDAxLCAyNjcgMjcgTGl0ZcWI!5e0!3m2!1sen!2scz!4v1567261780846!5m2!1sen!2scz\" style=\"border:0;\" allowfullscreen=\"\" width=\"600\" height=\"450\" frameborder=\"0\"><\/iframe>\n\n\n\n<p><\/p>\n","protected":false},"excerpt":{"rendered":"<p>Knihovna Lite\u0148N\u00e1dra\u017en\u00ed 401267 27 Lite\u0148 vedouc\u00ed: Monika Plchov\u00e1Tel. 771 147 737knihovna@mestysliten.cz<\/p>\n","protected":false},"author":1,"featured_media":0,"parent":0,"menu_order":0,"comment_status":"closed","ping_status":"closed","template":"","meta":{"footnotes":""},"_links":{"self":[{"href":"https:\/\/knihovnaliten.cz\/wordpress\/wp-json\/wp\/v2\/pages\/121"}],"collection":[{"href":"https:\/\/knihovnaliten.cz\/wordpress\/wp-json\/wp\/v2\/pages"}],"about":[{"href":"https:\/\/knihovnaliten.cz\/wordpress\/wp-json\/wp\/v2\/types\/page"}],"author":[{"embeddable":true,"href":"https:\/\/knihovnaliten.cz\/wordpress\/wp-json\/wp\/v2\/users\/1"}],"replies":[{"embeddable":true,"href":"https:\/\/knihovnaliten.cz\/wordpress\/wp-json\/wp\/v2\/comments?post=121"}],"version-history":[{"count":13,"href":"https:\/\/knihovnaliten.cz\/wordpress\/wp-json\/wp\/v2\/pages\/121\/revisions"}],"predecessor-version":[{"id":996,"href":"https:\/\/knihovnaliten.cz\/wordpress\/wp-json\/wp\/v2\/pages\/121\/revisions\/996"}],"wp:attachment":[{"href":"https:\/\/knihovnaliten.cz\/wordpress\/wp-json\/wp\/v2\/media?parent=121"}],"curies":[{"name":"wp","href":"https:\/\/api.w.org\/{rel}","templated":true}]}}