{"id":138,"date":"2020-02-27T15:32:40","date_gmt":"2020-02-27T14:32:40","guid":{"rendered":"http:\/\/knihovnaliten.cz\/wordpress\/?page_id=138"},"modified":"2025-09-30T13:18:25","modified_gmt":"2025-09-30T11:18:25","slug":"program-knihovny","status":"publish","type":"page","link":"https:\/\/knihovnaliten.cz\/wordpress\/program-knihovny\/","title":{"rendered":"Program knihovny"},"content":{"rendered":"\n<h2 class=\"wp-block-heading\"><strong><mark style=\"background-color:rgba(0, 0, 0, 0)\" class=\"has-inline-color has-dark-gray-color\">J\u00f3ga v knihovn\u011b &#8211; prostor pro dech, pohyb a klid.<\/mark><\/strong><\/h2>\n\n\n\n<div class=\"wp-block-group\"><div class=\"wp-block-group__inner-container is-layout-constrained wp-block-group-is-layout-constrained\">\n<p>Zveme v\u00e1s na lekce j\u00f3gy v knihovn\u011b.<\/p>\n\n\n\n<p>P\u0159ij\u010fte pos\u00edlit t\u011blo, uvolnit mysl a na\u010derpat novou energii v p\u0159\u00edjemn\u00e9m prost\u0159ed\u00ed mezi knihami.<\/p>\n\n\n\n<p>Pravideln\u011b ka\u017ed\u00fd \u010dtvrtek od 9 &#8211; 10 h.<\/p>\n\n\n\n<p>Ve \u010dtvrtek 2. 10. 2025 prvn\u00ed vzorov\u00e1 lekce zdarma!<\/p>\n<\/div><\/div>\n\n\n\n<figure class=\"wp-block-image size-full\"><img loading=\"lazy\" decoding=\"async\" width=\"621\" height=\"857\" src=\"https:\/\/knihovnaliten.cz\/wordpress\/wp-content\/uploads\/2025\/09\/joga-seniori.jpg\" alt=\"\" class=\"wp-image-981\" srcset=\"https:\/\/knihovnaliten.cz\/wordpress\/wp-content\/uploads\/2025\/09\/joga-seniori.jpg 621w, https:\/\/knihovnaliten.cz\/wordpress\/wp-content\/uploads\/2025\/09\/joga-seniori-217x300.jpg 217w\" sizes=\"(max-width: 621px) 100vw, 621px\" \/><\/figure>\n\n\n\n<p><\/p>\n\n\n\n<h2 class=\"wp-block-heading\" style=\"font-size:21px\"><strong>Klub deskov\u00fdch her!<\/strong><\/h2>\n\n\n\n<p style=\"font-size:21px\"><em><strong>D\u011bti si mohou ve v\u00fdp\u016fj\u010dn\u00ed dob\u011b zahr\u00e1t deskov\u00e9 hry, kter\u00e9 knihovna p\u016fj\u010duje i dom\u016f.<\/strong><\/em><\/p>\n\n\n\n<p><\/p>\n\n\n\n<p><\/p>\n\n\n\n<div class=\"wp-block-group\"><div class=\"wp-block-group__inner-container is-layout-flow wp-block-group-is-layout-flow\"><\/div><\/div>\n\n\n\n<p><\/p>\n\n\n\n<p><\/p>\n\n\n\n<p><\/p>\n\n\n\n<p><\/p>\n\n\n\n<p><\/p>\n\n\n\n<p><\/p>\n\n\n\n<p><\/p>\n\n\n\n<p><\/p>\n\n\n\n<p><\/p>\n\n\n\n<p><\/p>\n\n\n\n<p><\/p>\n\n\n\n\n\n<p><\/p>\n","protected":false},"excerpt":{"rendered":"<p>J\u00f3ga v knihovn\u011b &#8211; prostor pro dech, pohyb a klid. Zveme v\u00e1s na lekce j\u00f3gy v knihovn\u011b. P\u0159ij\u010fte pos\u00edlit t\u011blo, uvolnit mysl a na\u010derpat novou energii v p\u0159\u00edjemn\u00e9m prost\u0159ed\u00ed mezi &hellip; <a href=\"https:\/\/knihovnaliten.cz\/wordpress\/program-knihovny\/\" class=\"more-link\">Pokra\u010dov\u00e1n\u00ed textu <span class=\"screen-reader-text\">Program knihovny<\/span> <span class=\"meta-nav\">&rarr;<\/span><\/a><\/p>\n","protected":false},"author":1,"featured_media":0,"parent":0,"menu_order":0,"comment_status":"closed","ping_status":"closed","template":"","meta":{"footnotes":""},"_links":{"self":[{"href":"https:\/\/knihovnaliten.cz\/wordpress\/wp-json\/wp\/v2\/pages\/138"}],"collection":[{"href":"https:\/\/knihovnaliten.cz\/wordpress\/wp-json\/wp\/v2\/pages"}],"about":[{"href":"https:\/\/knihovnaliten.cz\/wordpress\/wp-json\/wp\/v2\/types\/page"}],"author":[{"embeddable":true,"href":"https:\/\/knihovnaliten.cz\/wordpress\/wp-json\/wp\/v2\/users\/1"}],"replies":[{"embeddable":true,"href":"https:\/\/knihovnaliten.cz\/wordpress\/wp-json\/wp\/v2\/comments?post=138"}],"version-history":[{"count":37,"href":"https:\/\/knihovnaliten.cz\/wordpress\/wp-json\/wp\/v2\/pages\/138\/revisions"}],"predecessor-version":[{"id":983,"href":"https:\/\/knihovnaliten.cz\/wordpress\/wp-json\/wp\/v2\/pages\/138\/revisions\/983"}],"wp:attachment":[{"href":"https:\/\/knihovnaliten.cz\/wordpress\/wp-json\/wp\/v2\/media?parent=138"}],"curies":[{"name":"wp","href":"https:\/\/api.w.org\/{rel}","templated":true}]}}