{"id":42,"date":"2020-02-16T19:31:26","date_gmt":"2020-02-16T18:31:26","guid":{"rendered":"http:\/\/knihovnaliten.cz\/wordpress\/?page_id=42"},"modified":"2020-02-16T19:31:26","modified_gmt":"2020-02-16T18:31:26","slug":"z-historie-knihovny","status":"publish","type":"page","link":"https:\/\/knihovnaliten.cz\/wordpress\/z-historie-knihovny\/","title":{"rendered":"Z historie knihovny"},"content":{"rendered":"\n<figure class=\"wp-block-image\"><img decoding=\"async\" src=\"http:\/\/knihovnaliten.cz\/files\/books5xx.jpg\" alt=\"\"\/><\/figure>\n\n\n\n<p><br>O\n vzniku obecn\u00ed knihovny v Litni se dov\u00edd\u00e1me ze z\u00e1pisu d\u00e1vn\u00e9ho lite\u0148sk\u00e9ho\n knihovn\u00edka, p\u00e1tera Jana K\u0159titele Pec\u00e1nka. V pokro\u010dil\u00e9m v\u011bku opustil \nkn\u011b\u017eskou dr\u00e1hu a vr\u00e1til se do rodn\u00e9 Litn\u011b. Zde se \u00fasp\u011b\u0161n\u011b zapojil do \nspole\u010densk\u00e9ho \u017eivota a zaslou\u017eil se o m\u00edstn\u00ed osv\u011btovou \u010dinnost v \nn\u011bkolika spolc\u00edch, zvl\u00e1\u0161t\u011b pak o povznesen\u00ed knihovny. <\/p>\n\n\n\n<p>\nZ jeho obs\u00e1hl\u00e9ho z\u00e1pisu ze dne 19. 3. 1877 se dov\u00edd\u00e1me o po\u010d\u00e1tc\u00edch lite\u0148sk\u00e9ho knihovnictv\u00ed: \u201e<em>\u2026bylo\n to r. 1851, kdy na podn\u011bt pra\u017esk\u00e9ho m\u011b\u0161\u0165ana a p\u0159\u00edznivce \u010desk\u00e9ho \np\u00edsemnictv\u00ed Ferdinanda N\u00e1prstka, kter\u00fd tehdy \u010dasto n\u00e1v\u0161t\u011bvou v Litni \nme\u0161kal, byla uspo\u0159\u00e1d\u00e1na o \u0161koln\u00edch pr\u00e1zdnin\u00e1ch r. 1851 ve prosp\u011bch \n\u0161koln\u00ed knihovny prvn\u00ed deklamatorn\u00ed a hudebn\u00ed beseda v Litni, z jej\u00edho\u017e \nv\u00fdnosu, jako\u017e i z p\u0159ipojen\u00fdch k tomu dobrovoln\u00fdch p\u0159\u00edsp\u011bvk\u016f zakoupil F. \nN\u00e1prstek prvn\u00ed knihy pro obecn\u00ed knihovnu. Knihovna byla odevzd\u00e1na Janu \nKrbcovi, roln\u00edku z \u010dp. 11 v Litni a z\u00e1rove\u0148 bylo u\u010din\u011bno vyzv\u00e1n\u00ed k \nlite\u0148sk\u00e9mu obyvatelstvu, aby piln\u00fdm \u010dten\u00edm knih, jako\u017e i libovoln\u00fdmi \ndary v knih\u00e1ch i p\u011bn\u011bz\u00edch knihovnu podporovalo.\u201c<\/em><\/p>\n\n\n\n<p>Po celou dobu sv\u00e9 existence proch\u00e1zela knihovna obdob\u00edm rozkv\u011btu sv\u00e9 \n\u010dinnosti i obdob\u00edm stagnac\u00ed. Teprve v roce 1969, kdy se stala knihovnou \nst\u0159ediskovou, se j\u00ed dostalo odpov\u00eddaj\u00edc\u00edho um\u00edst\u011bn\u00ed v adaptovan\u00e9 budov\u011b \nMNV.<\/p>\n\n\n\n<p>V letech 1977-1989 byl v Litni postaven Spole\u010densk\u00fd d\u016fm, do n\u011bho\u017e se knihovna p\u0159em\u00edstila.<\/p>\n","protected":false},"excerpt":{"rendered":"<p>O vzniku obecn\u00ed knihovny v Litni se dov\u00edd\u00e1me ze z\u00e1pisu d\u00e1vn\u00e9ho lite\u0148sk\u00e9ho knihovn\u00edka, p\u00e1tera Jana K\u0159titele Pec\u00e1nka. V pokro\u010dil\u00e9m v\u011bku opustil kn\u011b\u017eskou dr\u00e1hu a vr\u00e1til se do rodn\u00e9 Litn\u011b. Zde &hellip; <a href=\"https:\/\/knihovnaliten.cz\/wordpress\/z-historie-knihovny\/\" class=\"more-link\">Pokra\u010dov\u00e1n\u00ed textu <span class=\"screen-reader-text\">Z historie knihovny<\/span> <span class=\"meta-nav\">&rarr;<\/span><\/a><\/p>\n","protected":false},"author":1,"featured_media":0,"parent":0,"menu_order":0,"comment_status":"closed","ping_status":"closed","template":"","meta":{"footnotes":""},"_links":{"self":[{"href":"https:\/\/knihovnaliten.cz\/wordpress\/wp-json\/wp\/v2\/pages\/42"}],"collection":[{"href":"https:\/\/knihovnaliten.cz\/wordpress\/wp-json\/wp\/v2\/pages"}],"about":[{"href":"https:\/\/knihovnaliten.cz\/wordpress\/wp-json\/wp\/v2\/types\/page"}],"author":[{"embeddable":true,"href":"https:\/\/knihovnaliten.cz\/wordpress\/wp-json\/wp\/v2\/users\/1"}],"replies":[{"embeddable":true,"href":"https:\/\/knihovnaliten.cz\/wordpress\/wp-json\/wp\/v2\/comments?post=42"}],"version-history":[{"count":1,"href":"https:\/\/knihovnaliten.cz\/wordpress\/wp-json\/wp\/v2\/pages\/42\/revisions"}],"predecessor-version":[{"id":43,"href":"https:\/\/knihovnaliten.cz\/wordpress\/wp-json\/wp\/v2\/pages\/42\/revisions\/43"}],"wp:attachment":[{"href":"https:\/\/knihovnaliten.cz\/wordpress\/wp-json\/wp\/v2\/media?parent=42"}],"curies":[{"name":"wp","href":"https:\/\/api.w.org\/{rel}","templated":true}]}}