{"id":47,"date":"2020-02-16T19:34:53","date_gmt":"2020-02-16T18:34:53","guid":{"rendered":"http:\/\/knihovnaliten.cz\/wordpress\/?page_id=47"},"modified":"2025-09-30T14:48:27","modified_gmt":"2025-09-30T12:48:27","slug":"otviraci-doba","status":"publish","type":"page","link":"https:\/\/knihovnaliten.cz\/wordpress\/otviraci-doba\/","title":{"rendered":"Otev\u00edrac\u00ed doba"},"content":{"rendered":"\n<figure class=\"wp-block-gallery has-nested-images columns-default is-cropped wp-block-gallery-1 is-layout-flex wp-block-gallery-is-layout-flex\">\n<figure class=\"wp-block-image size-large\"><img loading=\"lazy\" decoding=\"async\" width=\"597\" height=\"842\" data-id=\"805\" src=\"https:\/\/knihovnaliten.cz\/wordpress\/wp-content\/uploads\/2025\/01\/Messenger_creation_952B5409-21E4-4140-87A5-A7844811E071.jpeg\" alt=\"\" class=\"wp-image-805\" srcset=\"https:\/\/knihovnaliten.cz\/wordpress\/wp-content\/uploads\/2025\/01\/Messenger_creation_952B5409-21E4-4140-87A5-A7844811E071.jpeg 597w, https:\/\/knihovnaliten.cz\/wordpress\/wp-content\/uploads\/2025\/01\/Messenger_creation_952B5409-21E4-4140-87A5-A7844811E071-213x300.jpeg 213w\" sizes=\"(max-width: 597px) 100vw, 597px\" \/><\/figure>\n<\/figure>\n\n\n\n<p><\/p>\n\n\n\n<p><\/p>\n\n\n\n<p><strong>N\u011bkter\u00e9 dny a hodiny mimo pravidelnou otev\u00edrac\u00ed dobu jsou rezervov\u00e1ny pro n\u00e1v\u0161t\u011bvy a setk\u00e1n\u00ed, kter\u00e9 najdete zde:<\/strong> <a href=\"http:\/\/knihovnaliten.cz\/wordpress\/program-knihovny\/\">http:\/\/knihovnaliten.cz\/wordpress\/program-knihovny\/<\/a><\/p>\n\n\n\n<p><strong>Otev\u00edrac\u00ed doba v knihovn\u011b m\u016f\u017ee b\u00fdt zm\u011bn\u011bna ve dny kdy se konaj\u00ed kulturn\u00ed akce.<\/strong><\/p>\n\n\n\n<p> <strong>Knihovna je uzav\u0159ena o sv\u00e1tc\u00edch a n\u011bkter\u00fdch \u0161koln\u00edch pr\u00e1zdnin\u00e1ch<\/strong>.<br><\/p>\n\n\n\n<p><\/p>\n","protected":false},"excerpt":{"rendered":"<p>N\u011bkter\u00e9 dny a hodiny mimo pravidelnou otev\u00edrac\u00ed dobu jsou rezervov\u00e1ny pro n\u00e1v\u0161t\u011bvy a setk\u00e1n\u00ed, kter\u00e9 najdete zde: http:\/\/knihovnaliten.cz\/wordpress\/program-knihovny\/ Otev\u00edrac\u00ed doba v knihovn\u011b m\u016f\u017ee b\u00fdt zm\u011bn\u011bna ve dny kdy se konaj\u00ed &hellip; <a href=\"https:\/\/knihovnaliten.cz\/wordpress\/otviraci-doba\/\" class=\"more-link\">Pokra\u010dov\u00e1n\u00ed textu <span class=\"screen-reader-text\">Otev\u00edrac\u00ed doba<\/span> <span class=\"meta-nav\">&rarr;<\/span><\/a><\/p>\n","protected":false},"author":1,"featured_media":0,"parent":0,"menu_order":0,"comment_status":"closed","ping_status":"closed","template":"","meta":{"footnotes":""},"_links":{"self":[{"href":"https:\/\/knihovnaliten.cz\/wordpress\/wp-json\/wp\/v2\/pages\/47"}],"collection":[{"href":"https:\/\/knihovnaliten.cz\/wordpress\/wp-json\/wp\/v2\/pages"}],"about":[{"href":"https:\/\/knihovnaliten.cz\/wordpress\/wp-json\/wp\/v2\/types\/page"}],"author":[{"embeddable":true,"href":"https:\/\/knihovnaliten.cz\/wordpress\/wp-json\/wp\/v2\/users\/1"}],"replies":[{"embeddable":true,"href":"https:\/\/knihovnaliten.cz\/wordpress\/wp-json\/wp\/v2\/comments?post=47"}],"version-history":[{"count":40,"href":"https:\/\/knihovnaliten.cz\/wordpress\/wp-json\/wp\/v2\/pages\/47\/revisions"}],"predecessor-version":[{"id":984,"href":"https:\/\/knihovnaliten.cz\/wordpress\/wp-json\/wp\/v2\/pages\/47\/revisions\/984"}],"wp:attachment":[{"href":"https:\/\/knihovnaliten.cz\/wordpress\/wp-json\/wp\/v2\/media?parent=47"}],"curies":[{"name":"wp","href":"https:\/\/api.w.org\/{rel}","templated":true}]}}