{"id":52,"date":"2020-02-16T19:38:37","date_gmt":"2020-02-16T18:38:37","guid":{"rendered":"http:\/\/knihovnaliten.cz\/wordpress\/?page_id=52"},"modified":"2024-11-08T21:09:02","modified_gmt":"2024-11-08T20:09:02","slug":"sluzby","status":"publish","type":"page","link":"https:\/\/knihovnaliten.cz\/wordpress\/sluzby\/","title":{"rendered":"Slu\u017eby"},"content":{"rendered":"\n<h3 class=\"wp-block-heading\"><strong>V\u00fdp\u016fj\u010dky<\/strong><\/h3>\n\n\n\n<p>Knihy a dal\u0161\u00ed dokumenty z knihovn\u00edho fondu lze vyu\u017e\u00edt k prezen\u010dn\u00ed v\u00fdp\u016fj\u010dce v knihovn\u011b i bez registrace do knihovny.<\/p>\n\n\n\n<p>Registrovan\u00ed \u010dten\u00e1\u0159i si mohou dokumenty tak\u00e9 p\u016fj\u010dit dom\u016f. Mohou tak\u00e9  rezervovat dokumenty, kter\u00e9 jsou pr\u00e1v\u011b vyp\u016fj\u010den\u00e9 nebo si v online katalogu za poplatek objednat dokument, kter\u00fd je aktu\u00e1ln\u011b k dispozici na reg\u00e1le a vyzvednout ho pozd\u011bji. Pokud u\u017eivatel pot\u0159ebuje dokument,  kter\u00fd knihovna nem\u00e1 ve sv\u00e9m fondu, m\u016f\u017ee po\u017e\u00e1dat o meziknihovn\u00ed v\u00fdp\u016fj\u010dku.<\/p>\n\n\n\n<p>K registraci je nutn\u00fd ob\u010dansk\u00fd pr\u016fkaz.<\/p>\n\n\n\n<h3 class=\"wp-block-heading\"><strong>Prostor a vybaven\u00ed<\/strong><\/h3>\n\n\n\n<p>V knihovn\u011b je Wi-Fi p\u0159ipojen\u00ed.  <\/p>\n\n\n\n<p>Knihovna i ostatn\u00ed prostory Kulturn\u00edho domu jsou po rekonstrukci bezbari\u00e9rov\u00e9, z \u00farovn\u011b chodn\u00edku se do obou pater dostanete v\u00fdtahem.  Na ka\u017ed\u00e9m pat\u0159e je wc pro invalidy.<\/p>\n\n\n\n<h3 class=\"wp-block-heading\">\n<strong>Prodej\n<\/strong><\/h3>\n\n\n\n<p> V knihovn\u011b je mo\u017en\u00e9 zakoupit vybran\u00e9 vy\u0159azen\u00e9 knihy okresn\u00ed knihovnou,  kter\u00e9 se ji\u017e nep\u016fj\u010duj\u00ed. <\/p>\n","protected":false},"excerpt":{"rendered":"<p>V\u00fdp\u016fj\u010dky Knihy a dal\u0161\u00ed dokumenty z knihovn\u00edho fondu lze vyu\u017e\u00edt k prezen\u010dn\u00ed v\u00fdp\u016fj\u010dce v knihovn\u011b i bez registrace do knihovny. Registrovan\u00ed \u010dten\u00e1\u0159i si mohou dokumenty tak\u00e9 p\u016fj\u010dit dom\u016f. Mohou tak\u00e9 &hellip; <a href=\"https:\/\/knihovnaliten.cz\/wordpress\/sluzby\/\" class=\"more-link\">Pokra\u010dov\u00e1n\u00ed textu <span class=\"screen-reader-text\">Slu\u017eby<\/span> <span class=\"meta-nav\">&rarr;<\/span><\/a><\/p>\n","protected":false},"author":1,"featured_media":0,"parent":0,"menu_order":0,"comment_status":"closed","ping_status":"closed","template":"","meta":{"footnotes":""},"_links":{"self":[{"href":"https:\/\/knihovnaliten.cz\/wordpress\/wp-json\/wp\/v2\/pages\/52"}],"collection":[{"href":"https:\/\/knihovnaliten.cz\/wordpress\/wp-json\/wp\/v2\/pages"}],"about":[{"href":"https:\/\/knihovnaliten.cz\/wordpress\/wp-json\/wp\/v2\/types\/page"}],"author":[{"embeddable":true,"href":"https:\/\/knihovnaliten.cz\/wordpress\/wp-json\/wp\/v2\/users\/1"}],"replies":[{"embeddable":true,"href":"https:\/\/knihovnaliten.cz\/wordpress\/wp-json\/wp\/v2\/comments?post=52"}],"version-history":[{"count":6,"href":"https:\/\/knihovnaliten.cz\/wordpress\/wp-json\/wp\/v2\/pages\/52\/revisions"}],"predecessor-version":[{"id":673,"href":"https:\/\/knihovnaliten.cz\/wordpress\/wp-json\/wp\/v2\/pages\/52\/revisions\/673"}],"wp:attachment":[{"href":"https:\/\/knihovnaliten.cz\/wordpress\/wp-json\/wp\/v2\/media?parent=52"}],"curies":[{"name":"wp","href":"https:\/\/api.w.org\/{rel}","templated":true}]}}