{"id":557,"date":"2023-02-08T14:49:58","date_gmt":"2023-02-08T13:49:58","guid":{"rendered":"http:\/\/knihovnaliten.cz\/wordpress\/?page_id=557"},"modified":"2023-03-31T11:48:20","modified_gmt":"2023-03-31T09:48:20","slug":"fotogalerie","status":"publish","type":"page","link":"https:\/\/knihovnaliten.cz\/wordpress\/fotogalerie\/","title":{"rendered":"Fotogalerie"},"content":{"rendered":"\n<figure class=\"wp-block-image size-large\"><img loading=\"lazy\" decoding=\"async\" width=\"1024\" height=\"576\" src=\"http:\/\/knihovnaliten.cz\/wordpress\/wp-content\/uploads\/2023\/03\/IMG20230324110907_00-1024x576.jpg\" alt=\"\" class=\"wp-image-612\" srcset=\"https:\/\/knihovnaliten.cz\/wordpress\/wp-content\/uploads\/2023\/03\/IMG20230324110907_00-1024x576.jpg 1024w, https:\/\/knihovnaliten.cz\/wordpress\/wp-content\/uploads\/2023\/03\/IMG20230324110907_00-300x169.jpg 300w, https:\/\/knihovnaliten.cz\/wordpress\/wp-content\/uploads\/2023\/03\/IMG20230324110907_00-768x432.jpg 768w, https:\/\/knihovnaliten.cz\/wordpress\/wp-content\/uploads\/2023\/03\/IMG20230324110907_00-1536x864.jpg 1536w, https:\/\/knihovnaliten.cz\/wordpress\/wp-content\/uploads\/2023\/03\/IMG20230324110907_00-2048x1152.jpg 2048w\" sizes=\"(max-width: 1024px) 100vw, 1024px\" \/><figcaption> <em>B\u0159ezen 2023-  N\u00e1v\u0161t\u011bva \u0161kol\u00e1k\u016f a p\u0159ed\u0161kol\u00e1k\u016f z M\u0160&nbsp;<\/em> v Litni<\/figcaption><\/figure>\n\n\n\n<figure class=\"wp-block-image size-large\"><img loading=\"lazy\" decoding=\"async\" width=\"1024\" height=\"576\" src=\"http:\/\/knihovnaliten.cz\/wordpress\/wp-content\/uploads\/2023\/03\/IMG20230324110945_00-1024x576.jpg\" alt=\"\" class=\"wp-image-610\" srcset=\"https:\/\/knihovnaliten.cz\/wordpress\/wp-content\/uploads\/2023\/03\/IMG20230324110945_00-1024x576.jpg 1024w, https:\/\/knihovnaliten.cz\/wordpress\/wp-content\/uploads\/2023\/03\/IMG20230324110945_00-300x169.jpg 300w, https:\/\/knihovnaliten.cz\/wordpress\/wp-content\/uploads\/2023\/03\/IMG20230324110945_00-768x432.jpg 768w, https:\/\/knihovnaliten.cz\/wordpress\/wp-content\/uploads\/2023\/03\/IMG20230324110945_00-1536x864.jpg 1536w, https:\/\/knihovnaliten.cz\/wordpress\/wp-content\/uploads\/2023\/03\/IMG20230324110945_00-2048x1152.jpg 2048w\" sizes=\"(max-width: 1024px) 100vw, 1024px\" \/><figcaption> <em>B\u0159ezen 2023-  N\u00e1v\u0161t\u011bva \u0161kol\u00e1k\u016f a p\u0159ed\u0161kol\u00e1k\u016f z M\u0160&nbsp;<\/em> v Litni<\/figcaption><\/figure>\n\n\n\n<figure class=\"wp-block-image size-large\"><img loading=\"lazy\" decoding=\"async\" width=\"1024\" height=\"576\" src=\"http:\/\/knihovnaliten.cz\/wordpress\/wp-content\/uploads\/2023\/03\/IMG20230324110517_00-1024x576.jpg\" alt=\"\" class=\"wp-image-608\" srcset=\"https:\/\/knihovnaliten.cz\/wordpress\/wp-content\/uploads\/2023\/03\/IMG20230324110517_00-1024x576.jpg 1024w, https:\/\/knihovnaliten.cz\/wordpress\/wp-content\/uploads\/2023\/03\/IMG20230324110517_00-300x169.jpg 300w, https:\/\/knihovnaliten.cz\/wordpress\/wp-content\/uploads\/2023\/03\/IMG20230324110517_00-768x432.jpg 768w, https:\/\/knihovnaliten.cz\/wordpress\/wp-content\/uploads\/2023\/03\/IMG20230324110517_00-1536x864.jpg 1536w, https:\/\/knihovnaliten.cz\/wordpress\/wp-content\/uploads\/2023\/03\/IMG20230324110517_00-2048x1152.jpg 2048w\" sizes=\"(max-width: 1024px) 100vw, 1024px\" \/><figcaption> B\u0159ezen 2023-  N\u00e1v\u0161t\u011bva \u0161kol\u00e1k\u016f a p\u0159ed\u0161kol\u00e1k\u016f z M\u0160&nbsp; <\/figcaption><\/figure>\n\n\n\n<figure class=\"wp-block-image size-large\"><img loading=\"lazy\" decoding=\"async\" width=\"1024\" height=\"576\" src=\"http:\/\/knihovnaliten.cz\/wordpress\/wp-content\/uploads\/2023\/02\/IMG20230207151502_00-1024x576.jpg\" alt=\"\" class=\"wp-image-560\" srcset=\"https:\/\/knihovnaliten.cz\/wordpress\/wp-content\/uploads\/2023\/02\/IMG20230207151502_00-1024x576.jpg 1024w, https:\/\/knihovnaliten.cz\/wordpress\/wp-content\/uploads\/2023\/02\/IMG20230207151502_00-300x169.jpg 300w, https:\/\/knihovnaliten.cz\/wordpress\/wp-content\/uploads\/2023\/02\/IMG20230207151502_00-768x432.jpg 768w, https:\/\/knihovnaliten.cz\/wordpress\/wp-content\/uploads\/2023\/02\/IMG20230207151502_00-1536x864.jpg 1536w, https:\/\/knihovnaliten.cz\/wordpress\/wp-content\/uploads\/2023\/02\/IMG20230207151502_00-2048x1152.jpg 2048w\" sizes=\"(max-width: 1024px) 100vw, 1024px\" \/><figcaption> Od \u0159\u00edjna 2022, <em>Klub deskov\u00fdch her &#8211; ka\u017ed\u00fd \u00fater\u00fd od 14 hodin<\/em> <br><\/figcaption><\/figure>\n\n\n\n<figure class=\"wp-block-image size-large\"><img loading=\"lazy\" decoding=\"async\" width=\"1024\" height=\"620\" src=\"http:\/\/knihovnaliten.cz\/wordpress\/wp-content\/uploads\/2023\/02\/IMG_20221123_094603-1024x620.jpg\" alt=\"\" class=\"wp-image-577\" srcset=\"https:\/\/knihovnaliten.cz\/wordpress\/wp-content\/uploads\/2023\/02\/IMG_20221123_094603-1024x620.jpg 1024w, https:\/\/knihovnaliten.cz\/wordpress\/wp-content\/uploads\/2023\/02\/IMG_20221123_094603-300x182.jpg 300w, https:\/\/knihovnaliten.cz\/wordpress\/wp-content\/uploads\/2023\/02\/IMG_20221123_094603-768x465.jpg 768w, https:\/\/knihovnaliten.cz\/wordpress\/wp-content\/uploads\/2023\/02\/IMG_20221123_094603-1536x930.jpg 1536w, https:\/\/knihovnaliten.cz\/wordpress\/wp-content\/uploads\/2023\/02\/IMG_20221123_094603-2048x1240.jpg 2048w\" sizes=\"(max-width: 1024px) 100vw, 1024px\" \/><figcaption> Od \u0159\u00edjna 2022, <em>Klub deskov\u00fdch her &#8211; ka\u017ed\u00fd \u00fater\u00fd od 14 hodin<\/em> <\/figcaption><\/figure>\n\n\n\n<figure class=\"wp-block-image\"><img loading=\"lazy\" decoding=\"async\" width=\"1024\" height=\"576\" src=\"http:\/\/knihovnaliten.cz\/wordpress\/wp-content\/uploads\/2023\/02\/IMG20221115090929_00-1024x576.jpg\" alt=\"\" class=\"wp-image-566\" srcset=\"https:\/\/knihovnaliten.cz\/wordpress\/wp-content\/uploads\/2023\/02\/IMG20221115090929_00-1024x576.jpg 1024w, https:\/\/knihovnaliten.cz\/wordpress\/wp-content\/uploads\/2023\/02\/IMG20221115090929_00-300x169.jpg 300w, https:\/\/knihovnaliten.cz\/wordpress\/wp-content\/uploads\/2023\/02\/IMG20221115090929_00-768x432.jpg 768w, https:\/\/knihovnaliten.cz\/wordpress\/wp-content\/uploads\/2023\/02\/IMG20221115090929_00-1536x864.jpg 1536w, https:\/\/knihovnaliten.cz\/wordpress\/wp-content\/uploads\/2023\/02\/IMG20221115090929_00-2048x1152.jpg 2048w\" sizes=\"(max-width: 1024px) 100vw, 1024px\" \/><figcaption> <em>Listopad 2022 &#8211; Po druh\u00fdm roce oslava p\u0159ed\u00e1v\u00e1n\u00ed slabik\u00e1\u0159\u016f prv\u0148\u00e1\u010dk\u016fm Z\u0160 F.J.\u0158ez\u00e1\u010de Lite\u0148<\/em> <\/figcaption><\/figure>\n\n\n\n<div class=\"wp-block-group\"><div class=\"wp-block-group__inner-container is-layout-flow wp-block-group-is-layout-flow\">\n<figure class=\"wp-block-image size-large\"><img loading=\"lazy\" decoding=\"async\" width=\"1024\" height=\"456\" src=\"http:\/\/knihovnaliten.cz\/wordpress\/wp-content\/uploads\/2023\/03\/IMG_20221123_094925-1-1024x456.jpg\" alt=\"\" class=\"wp-image-603\" srcset=\"https:\/\/knihovnaliten.cz\/wordpress\/wp-content\/uploads\/2023\/03\/IMG_20221123_094925-1-1024x456.jpg 1024w, https:\/\/knihovnaliten.cz\/wordpress\/wp-content\/uploads\/2023\/03\/IMG_20221123_094925-1-300x133.jpg 300w, https:\/\/knihovnaliten.cz\/wordpress\/wp-content\/uploads\/2023\/03\/IMG_20221123_094925-1-768x342.jpg 768w, https:\/\/knihovnaliten.cz\/wordpress\/wp-content\/uploads\/2023\/03\/IMG_20221123_094925-1-1536x683.jpg 1536w, https:\/\/knihovnaliten.cz\/wordpress\/wp-content\/uploads\/2023\/03\/IMG_20221123_094925-1-2048x911.jpg 2048w, https:\/\/knihovnaliten.cz\/wordpress\/wp-content\/uploads\/2023\/03\/IMG_20221123_094925-1-604x270.jpg 604w\" sizes=\"(max-width: 1024px) 100vw, 1024px\" \/><figcaption> <em>Listopad 2022 &#8211; Po druh\u00fdm roce oslava p\u0159ed\u00e1v\u00e1n\u00ed slabik\u00e1\u0159\u016f prv\u0148\u00e1\u010dk\u016fm Z\u0160 F.J.\u0158ez\u00e1\u010de Lite\u0148<\/em> <\/figcaption><\/figure>\n<\/div><\/div>\n\n\n\n<figure class=\"wp-block-image size-large\"><img loading=\"lazy\" decoding=\"async\" width=\"1024\" height=\"576\" src=\"http:\/\/knihovnaliten.cz\/wordpress\/wp-content\/uploads\/2023\/02\/IMG20221103095539_00-1024x576.jpg\" alt=\"\" class=\"wp-image-580\" srcset=\"https:\/\/knihovnaliten.cz\/wordpress\/wp-content\/uploads\/2023\/02\/IMG20221103095539_00-1024x576.jpg 1024w, https:\/\/knihovnaliten.cz\/wordpress\/wp-content\/uploads\/2023\/02\/IMG20221103095539_00-300x169.jpg 300w, https:\/\/knihovnaliten.cz\/wordpress\/wp-content\/uploads\/2023\/02\/IMG20221103095539_00-768x432.jpg 768w, https:\/\/knihovnaliten.cz\/wordpress\/wp-content\/uploads\/2023\/02\/IMG20221103095539_00-1536x864.jpg 1536w, https:\/\/knihovnaliten.cz\/wordpress\/wp-content\/uploads\/2023\/02\/IMG20221103095539_00-2048x1152.jpg 2048w\" sizes=\"(max-width: 1024px) 100vw, 1024px\" \/><figcaption> \u0158\u00edjen-listopad 2022 &#8211;<em> P\u0159en\u00e1\u0161ku s knihovnic\u00ed Barborou Fortelkovou <\/em> <\/figcaption><\/figure>\n\n\n\n<figure class=\"wp-block-image size-large\"><img loading=\"lazy\" decoding=\"async\" width=\"1024\" height=\"576\" src=\"http:\/\/knihovnaliten.cz\/wordpress\/wp-content\/uploads\/2023\/02\/IMG20221111090241_00-1024x576.jpg\" alt=\"\" class=\"wp-image-579\" srcset=\"https:\/\/knihovnaliten.cz\/wordpress\/wp-content\/uploads\/2023\/02\/IMG20221111090241_00-1024x576.jpg 1024w, https:\/\/knihovnaliten.cz\/wordpress\/wp-content\/uploads\/2023\/02\/IMG20221111090241_00-300x169.jpg 300w, https:\/\/knihovnaliten.cz\/wordpress\/wp-content\/uploads\/2023\/02\/IMG20221111090241_00-768x432.jpg 768w, https:\/\/knihovnaliten.cz\/wordpress\/wp-content\/uploads\/2023\/02\/IMG20221111090241_00-1536x864.jpg 1536w, https:\/\/knihovnaliten.cz\/wordpress\/wp-content\/uploads\/2023\/02\/IMG20221111090241_00-2048x1152.jpg 2048w\" sizes=\"(max-width: 1024px) 100vw, 1024px\" \/><figcaption>  <em> \u0158\u00edjen-listopad 2022<\/em> &#8211;<em> P\u0159en\u00e1\u0161ku s knihovnic\u00ed Barborou Fortelkovou <\/em> <\/figcaption><\/figure>\n\n\n\n<p><\/p>\n","protected":false},"excerpt":{"rendered":"","protected":false},"author":1,"featured_media":0,"parent":0,"menu_order":0,"comment_status":"closed","ping_status":"closed","template":"","meta":{"footnotes":""},"_links":{"self":[{"href":"https:\/\/knihovnaliten.cz\/wordpress\/wp-json\/wp\/v2\/pages\/557"}],"collection":[{"href":"https:\/\/knihovnaliten.cz\/wordpress\/wp-json\/wp\/v2\/pages"}],"about":[{"href":"https:\/\/knihovnaliten.cz\/wordpress\/wp-json\/wp\/v2\/types\/page"}],"author":[{"embeddable":true,"href":"https:\/\/knihovnaliten.cz\/wordpress\/wp-json\/wp\/v2\/users\/1"}],"replies":[{"embeddable":true,"href":"https:\/\/knihovnaliten.cz\/wordpress\/wp-json\/wp\/v2\/comments?post=557"}],"version-history":[{"count":16,"href":"https:\/\/knihovnaliten.cz\/wordpress\/wp-json\/wp\/v2\/pages\/557\/revisions"}],"predecessor-version":[{"id":675,"href":"https:\/\/knihovnaliten.cz\/wordpress\/wp-json\/wp\/v2\/pages\/557\/revisions\/675"}],"wp:attachment":[{"href":"https:\/\/knihovnaliten.cz\/wordpress\/wp-json\/wp\/v2\/media?parent=557"}],"curies":[{"name":"wp","href":"https:\/\/api.w.org\/{rel}","templated":true}]}}