{"id":60,"date":"2020-02-16T19:42:14","date_gmt":"2020-02-16T18:42:14","guid":{"rendered":"http:\/\/knihovnaliten.cz\/wordpress\/?page_id=60"},"modified":"2023-03-01T09:01:32","modified_gmt":"2023-03-01T08:01:32","slug":"cenik","status":"publish","type":"page","link":"https:\/\/knihovnaliten.cz\/wordpress\/cenik\/","title":{"rendered":"Cen\u00edk slu\u017eeb"},"content":{"rendered":"\n<div class=\"wp-block-group\"><div class=\"wp-block-group__inner-container is-layout-flow wp-block-group-is-layout-flow\">\n<div class=\"wp-block-group alignwide\"><div class=\"wp-block-group__inner-container is-layout-flow wp-block-group-is-layout-flow\">\n<div class=\"wp-block-group alignwide\"><div class=\"wp-block-group__inner-container is-layout-flow wp-block-group-is-layout-flow\">\n<figure class=\"wp-block-table alignwide\"><table class=\"\"><tbody><tr><td>\n  <strong>\u010cten\u00e1\u0159sk\u00e9 poplatky \/ registrace na 1 rok <\/strong>\n  <\/td><\/tr><tr><td>\n  Dosp\u011bl\u00ed \u010dten\u00e1\u0159i\n  <\/td><td>\n  90 K\u010d\n  <\/td><td><\/td><\/tr><tr><td>\n  D\u011bti do 6 let\n  <\/td><td>\n  zdarma\n  <\/td><td><\/td><\/tr><tr><td>\n  D\u011bti od 6 do 14 let\n  <\/td><td>\n  50 K\u010d\n  <\/td><td><\/td><\/tr><tr><td>\n  Studenti od 15 do 26 let\n  <\/td><td>\n  70 K\u010d\n  <\/td><td><\/td><\/tr><tr><td>\n  D\u016fchodci\n  <\/td><td>\n  70 K\u010d\n  <\/td><td><\/td><\/tr><tr><td>\n  Senio\u0159i nad 75 let, dr\u017eitel\u00e9 pr\u016fkaz\u016f\n  ZT, ZTP a ZTP-P\n  <\/td><td>\n  zdarma\n  <\/td><td><\/td><\/tr><tr><td>\n  Rodinn\u00e1 kmenov\u00e1 registrace<br>\n  \u2013 ka\u017ed\u00fd dal\u0161\u00ed \u010dlen dom\u00e1cnosti\n  <\/td><td>\n  200 K\u010d\n  &nbsp;40 K\u010d\n  <\/td><td>\n  &nbsp;\n  <\/td><\/tr><\/tbody><\/table><\/figure>\n<\/div><\/div>\n<\/div><\/div>\n<\/div><\/div>\n\n\n\n<div class=\"wp-block-group\"><div class=\"wp-block-group__inner-container is-layout-flow wp-block-group-is-layout-flow\">\n<figure class=\"wp-block-table\"><table class=\"\"><tbody><tr><td>\n  <strong>&nbsp;<\/strong>\n  <strong>Poplatky za nedodr\u017een\u00ed v\u00fdp\u016fj\u010dn\u00ed doby<\/strong>\n  <\/td><\/tr><tr><td>\n  V\u00fdp\u016fj\u010dn\u00ed lh\u016fta je 30 dn\u00ed.\n  <\/td><\/tr><tr><td>   P\u0159ipom\u00ednka (3 dn\u00ed p\u0159ed koncem v\u00fdp\u016fj\u010dn\u00ed doby)   <\/td><td>\n  &nbsp;0 K\u010d\n  <\/td><td>   mailem<\/td><\/tr><tr><td>   1. upom\u00ednka (7 dn\u00ed po uplynut\u00ed v\u00fdp. lh\u016fty)    <\/td><td>\n  10 K\u010d \n  <\/td><td>\n  + po\u0161tovn\u00e9\n  <\/td><\/tr><tr><td>   2. upom\u00ednka (21 dn\u00ed po uplynut\u00ed v\u00fdp. lh\u016fty)   <\/td><td>\n  40 K\u010d\n  <\/td><td>\n  + po\u0161tovn\u00e9\n  <\/td><\/tr><tr><td>   3. upom\u00ednka (60 dn\u00ed po uplynut\u00ed v\u00fdp. lh\u016fty)   <\/td><td>\n  250 K\u010d\n  <\/td><td>\n  + po\u0161tovn\u00e9 za doporu\u010den\u00fd dopis\n  <\/td><\/tr><\/tbody><\/table><\/figure>\n<\/div><\/div>\n\n\n\n<p> V\u00fdp\u016fj\u010dky je mo\u017eno 2x prodlou\u017eit,&nbsp;pokud o to \u010dten\u00e1\u0159 po\u017e\u00e1d\u00e1 p\u0159ed uplynut\u00edm v\u00fdp\u016fj\u010dn\u00ed doby a pokud d\u00edlo ne\u017e\u00e1d\u00e1 jin\u00fd \u010dten\u00e1\u0159, toto nelze v&nbsp;spole\u010densk\u00fdch her.<\/p>\n\n\n\n<div class=\"wp-block-group\"><div class=\"wp-block-group__inner-container is-layout-flow wp-block-group-is-layout-flow\">\n<div class=\"wp-block-group\"><div class=\"wp-block-group__inner-container is-layout-flow wp-block-group-is-layout-flow\">\n<p><\/p>\n\n\n\n<figure class=\"wp-block-table\"><table class=\"\"><tbody><tr><td>\n  <strong>&nbsp;<\/strong>\n  <strong>Meziknihovn\u00ed v\u00fdp\u016fj\u010dn\u00ed slu\u017eba<\/strong>\n  <\/td><\/tr><tr><td>\n  Knihy (za ka\u017ed\u00fd vyp\u016fj\u010den\u00fd titul)\n  <\/td><td>\n  70 K\u010d\n  <\/td><td><\/td><\/tr><tr><td>\n  <strong>Rezervace<\/strong>\n  <\/td><td>\n  zdarma\n  <\/td><td><\/td><\/tr><tr><td>\n  <strong>Po\u0161kozen\u00ed \u010d\u00e1rov\u00e9ho k\u00f3du<\/strong>\n  <\/td><td>\n  5 K\u010d\n  <\/td><td><\/td><\/tr><tr><td>\n  <strong>Po\u0161kozen\u00ed dokumentu, kter\u00e9 nebr\u00e1n\u00ed dal\u0161\u00edmu p\u016fj\u010dov\u00e1n\u00ed<\/strong>\n  <\/td><\/tr><tr><td>\n  Knihy, hry\n  <\/td><td>\n  50 K\u010d\n  <\/td><td><\/td><\/tr><tr><td>\n  <strong>Ztr\u00e1ta \u010di po\u0161kozen\u00ed, kter\u00e9 br\u00e1n\u00ed dal\u0161\u00edmu p\u016fj\u010dov\u00e1n\u00ed<\/strong>\n  <\/td><td><\/td><\/tr><tr><td>\n  Knihy\n  <\/td><td>\n  cena knihy\n  <\/td><td>\n  + manipula\u010dn\u00ed poplatek 150 K\u010d\n  <\/td><td><\/td><\/tr><tr><td>\n  Hry\n  <\/td><td>\n  cena hry\n  <\/td><td>\n  + manipula\u010dn\u00ed poplatek 200 K\u010d\n  <\/td><td><\/td><\/tr><tr><td>\n  D\u016fle\u017eit\u00e9ho komponentu hry\n  <\/td><td>\n  cena hry\n  <\/td><td>\n  + manipula\u010dn\u00ed poplatek 200 K\u010d\n  <\/td><td><\/td><\/tr><tr><td>\n  Nahraditeln\u00e9ho komponentu hru\n  <\/td><td>\n  50 K\u010d\n  <\/td><td><\/td><td><\/td><\/tr><tr><td>\n  <strong>Kop\u00edrovac\u00ed slu\u017eby a tisk<\/strong>\n  <\/td><td><\/td><\/tr><tr><td>\n  \u010cernob\u00edl\u00fd tisk a kopie 1 strana A4\n  <\/td><td>\n  3 K\u010d\n  <\/td><td><\/td><td><\/td><\/tr><tr><td>\n  \u010cernob\u00edl\u00fd tisk a kopie oboustrann\u011b\n  A4\n  <\/td><td>\n  4 K\u010d\n  <\/td><td><\/td><td><\/td><\/tr><tr><td>\n  <strong>Skenov\u00e1n\u00ed<\/strong>\n  <\/td><td><\/td><\/tr><tr><td>\n  1 strana A4\n  <\/td><td>\n  2 K\u010d\n  <\/td><td><\/td><td><\/td><\/tr><tr><td>\n  <strong>Pou\u017e\u00edv\u00e1n\u00ed internetu<\/strong>\n  <\/td><td><\/td><td><\/td><td><\/td><\/tr><tr><td>\n  Registrovan\u00ed \u010dten\u00e1\u0159i\n  <\/td><td>\n  zdarma\n  <\/td><td>\n  &nbsp;Wifi\n  <\/td><td><\/td><\/tr><tr><td>\n  <strong>Balen\u00ed se\u0161it\u016f a u\u010debnic<\/strong>\n  <\/td><td><\/td><td><\/td><td><\/td><\/tr><tr><td>\n  A5\/A4\/ Atypick\u00fd form\u00e1t\n  <\/td><td>\n  10 K\u010d\n  <\/td><td><\/td><td><\/td><\/tr><\/tbody><\/table><\/figure>\n<\/div><\/div>\n<\/div><\/div>\n\n\n\n<p><\/p>\n","protected":false},"excerpt":{"rendered":"<p>\u010cten\u00e1\u0159sk\u00e9 poplatky \/ registrace na 1 rok Dosp\u011bl\u00ed \u010dten\u00e1\u0159i 90 K\u010d D\u011bti do 6 let zdarma D\u011bti od 6 do 14 let 50 K\u010d Studenti od 15 do 26 let &hellip; <a href=\"https:\/\/knihovnaliten.cz\/wordpress\/cenik\/\" class=\"more-link\">Pokra\u010dov\u00e1n\u00ed textu <span class=\"screen-reader-text\">Cen\u00edk slu\u017eeb<\/span> <span class=\"meta-nav\">&rarr;<\/span><\/a><\/p>\n","protected":false},"author":1,"featured_media":0,"parent":0,"menu_order":0,"comment_status":"closed","ping_status":"closed","template":"","meta":{"footnotes":""},"_links":{"self":[{"href":"https:\/\/knihovnaliten.cz\/wordpress\/wp-json\/wp\/v2\/pages\/60"}],"collection":[{"href":"https:\/\/knihovnaliten.cz\/wordpress\/wp-json\/wp\/v2\/pages"}],"about":[{"href":"https:\/\/knihovnaliten.cz\/wordpress\/wp-json\/wp\/v2\/types\/page"}],"author":[{"embeddable":true,"href":"https:\/\/knihovnaliten.cz\/wordpress\/wp-json\/wp\/v2\/users\/1"}],"replies":[{"embeddable":true,"href":"https:\/\/knihovnaliten.cz\/wordpress\/wp-json\/wp\/v2\/comments?post=60"}],"version-history":[{"count":6,"href":"https:\/\/knihovnaliten.cz\/wordpress\/wp-json\/wp\/v2\/pages\/60\/revisions"}],"predecessor-version":[{"id":595,"href":"https:\/\/knihovnaliten.cz\/wordpress\/wp-json\/wp\/v2\/pages\/60\/revisions\/595"}],"wp:attachment":[{"href":"https:\/\/knihovnaliten.cz\/wordpress\/wp-json\/wp\/v2\/media?parent=60"}],"curies":[{"name":"wp","href":"https:\/\/api.w.org\/{rel}","templated":true}]}}